{"id":1198,"date":"2020-09-27T16:01:57","date_gmt":"2020-09-27T14:01:57","guid":{"rendered":"https:\/\/www.turismoaidone.it\/churches-and-monuments-of-aidone\/"},"modified":"2026-04-06T21:15:45","modified_gmt":"2026-04-06T19:15:45","slug":"churches-and-monuments-of-aidone","status":"publish","type":"page","link":"https:\/\/www.turismoaidone.it\/en\/churches-and-monuments-of-aidone\/","title":{"rendered":"Churches and monuments of Aidone"},"content":{"rendered":"<!--themify_builder_content-->\n<div id=\"themify_builder_content-1198\" data-postid=\"1198\" class=\"themify_builder_content themify_builder_content-1198 themify_builder tf_clear\">\n                    <div  data-lazy=\"1\" class=\"module_row themify_builder_row tb_ovwg135 tb_first tf_w\">\n            <span  class=\"builder_row_cover tf_abs\" data-lazy=\"1\"><\/span>            <div class=\"row_inner col_align_top tb_col_count_1 tf_box tf_rel\">\n                        <div  data-lazy=\"1\" class=\"module_column tb-column col-full tb_8815139 first\">\n                    <!-- module fancy heading -->\n<div  class=\"module module-fancy-heading tb_8wrd228 \" data-lazy=\"1\">\n        <h1 class=\"fancy-heading tf_textc\">\n    <span class=\"main-head tf_block\">\n                    Churches and monuments            <\/span>\n\n            <span class=\"tb_fancy_heading_icon_wrap tf_block\">\n            <span class=\"tb_fancy_heading_border tf_rel\"><\/span>            <span class=\"tb_fancy_heading_icon\">\n                                    <img decoding=\"async\" src=\"https:\/\/www.turismoaidone.it\/wp-content\/uploads\/2022\/09\/dea_morgantina.png\" alt=\"Churches and monuments\">\n                            <\/span>\n            <span class=\"tb_fancy_heading_border tf_rel\"><\/span>        <\/span>\n    \n    <span class=\"sub-head tf_block tf_rel\">\n                    Aidone            <\/span>\n    <\/h1>\n<\/div>\n<!-- \/module fancy heading -->\n        <\/div>\n                        <\/div>\n        <\/div>\n                        <div  data-lazy=\"1\" class=\"module_row themify_builder_row tb_gk99359 tf_w\">\n                        <div class=\"row_inner col_align_top tb_col_count_1 tf_box tf_rel\">\n                        <div  data-lazy=\"1\" class=\"module_column tb-column col-full tb_4n8o360 first\">\n                    <!-- module text -->\n<div  class=\"module module-text tb_9cwm561   \" data-lazy=\"1\">\n        <div  class=\"tb_text_wrap\">\n        <h2 style=\"text-align: center\">The Castle of Gresti or Pietratagliata<\/h2>\n    <\/div>\n<\/div>\n<!-- \/module text -->        <\/div>\n                        <\/div>\n        <\/div>\n                        <div  data-lazy=\"1\" class=\"module_row themify_builder_row tb_jrce135 tf_w\">\n                        <div class=\"row_inner col_align_middle tb_col_count_1 tf_box tf_rel\">\n                        <div  data-lazy=\"1\" class=\"module_column tb-column col-full tb_yfu8150 first\">\n                    <!-- module text -->\n<div  class=\"module module-text tb_pw1q151   \" data-lazy=\"1\">\n        <div  class=\"tb_text_wrap\">\n        <p style=\"text-align: justify\">The Gresti Castle, also known as Pietratagliata Castle, is located in the Aidone area. Its current state is that of a ruin, although its appearance is clearly visible, consisting primarily of a massive solid tower and a series of cave rooms. Its origins are unclear; the first documented historical records date back to the 14th century. The castle ruins are still privately owned.   <\/p>    <\/div>\n<\/div>\n<!-- \/module text -->        <\/div>\n                        <\/div>\n        <\/div>\n                        <div  data-lazy=\"1\" class=\"module_row themify_builder_row tb_d97d910 tf_w\">\n                        <div class=\"row_inner col_align_top tb_col_count_1 tf_box tf_rel\">\n                        <div  data-lazy=\"1\" class=\"module_column tb-column col-full tb_vd39911 first\">\n                    <!-- module divider -->\n<div  class=\"module tf_mw module-divider tb_sslm956 solid   \" style=\"border-width: 1px;border-color: #d6d6d6;\" data-lazy=\"1\">\n    <\/div>\n<!-- \/module divider -->\n        <\/div>\n                        <\/div>\n        <\/div>\n                        <div  data-lazy=\"1\" class=\"module_row themify_builder_row tb_3cjj125 tf_w\">\n                        <div class=\"row_inner col_align_middle tb_col_count_2 tf_box tf_rel\">\n                        <div  data-lazy=\"1\" class=\"module_column tb-column col4-2 tb_qfc3125 first\">\n                    <!-- module text -->\n<div  class=\"module module-text tb_r999306   \" data-lazy=\"1\">\n        <div  class=\"tb_text_wrap\">\n        <h2 style=\"text-align: center\">The Castle (U Castdazz)<\/h2>\n    <\/div>\n<\/div>\n<!-- \/module text --><!-- module text -->\n<div  class=\"module module-text tb_f2av125   \" data-lazy=\"1\">\n        <div  class=\"tb_text_wrap\">\n        <p style=\"text-align: justify\">Based on archaeological finds, such as some Litre and Dilitron of King Hiero II in the Castle area, it is possible that some structures were erected and used as watchtowers for the nearby city as early as the time of Morgantina. Traces of a road leading from the city to the vicinity of the Arab-Norman castle have been found. <\/p>    <\/div>\n<\/div>\n<!-- \/module text -->        <\/div>\n                    <div  data-lazy=\"1\" class=\"module_column tb-column col4-2 tb_kkao126 last\">\n                    <!-- module image -->\n<div  class=\"module module-image tb_ubox937 image-top   tf_mw\" data-lazy=\"1\">\n        <div class=\"image-wrap tf_rel tf_mw\">\n            <img loading=\"lazy\" decoding=\"async\" width=\"896\" height=\"797\" src=\"https:\/\/www.turismoaidone.it\/wp-content\/uploads\/2022\/01\/castellaccio-aidone.jpg\" class=\"wp-post-image wp-image-865\" title=\"castellaccio aidone\" alt=\"castellaccio aidone\" srcset=\"https:\/\/www.turismoaidone.it\/wp-content\/uploads\/2022\/01\/castellaccio-aidone.jpg 896w, https:\/\/www.turismoaidone.it\/wp-content\/uploads\/2022\/01\/castellaccio-aidone-300x267.jpg 300w, https:\/\/www.turismoaidone.it\/wp-content\/uploads\/2022\/01\/castellaccio-aidone-768x683.jpg 768w\" sizes=\"auto, (max-width: 896px) 100vw, 896px\" \/>    \n        <\/div>\n    <!-- \/image-wrap -->\n    \n        <\/div>\n<!-- \/module image -->        <\/div>\n                        <\/div>\n        <\/div>\n                        <div  data-lazy=\"1\" class=\"module_row themify_builder_row tb_un9s631 tf_w\">\n                        <div class=\"row_inner col_align_top tb_col_count_1 tf_box tf_rel\">\n                        <div  data-lazy=\"1\" class=\"module_column tb-column col-full tb_csk0631 first\">\n                    <!-- module divider -->\n<div  class=\"module tf_mw module-divider tb_iipm632 solid   \" style=\"border-width: 1px;border-color: #d6d6d6;\" data-lazy=\"1\">\n    <\/div>\n<!-- \/module divider -->\n        <\/div>\n                        <\/div>\n        <\/div>\n                        <div  data-lazy=\"1\" class=\"module_row themify_builder_row tb_05tu98 tf_w\">\n                        <div class=\"row_inner col_align_top tb_col_count_1 tf_box tf_rel\">\n                        <div  data-lazy=\"1\" class=\"module_column tb-column col-full tb_71fm98 first\">\n                    <!-- module text -->\n<div  class=\"module module-text tb_4pir99   \" data-lazy=\"1\">\n        <div  class=\"tb_text_wrap\">\n        <h2 style=\"text-align: center\">The Cult<\/h2>    <\/div>\n<\/div>\n<!-- \/module text -->        <\/div>\n                        <\/div>\n        <\/div>\n                        <div  data-parallax-bg=\"desktop\" data-lazy=\"1\" class=\"module_row themify_builder_row tb_gneu905 tf_w\">\n            <span  class=\"builder_row_cover tf_abs\" data-lazy=\"1\"><\/span>            <div class=\"row_inner col_align_top tb_col_count_1 tf_box tf_rel\">\n                        <div  data-lazy=\"1\" class=\"module_column tb-column col-full tb_vfr1905 first\">\n                    <!-- module video -->\n<div  class=\"module module-video tb_cddw905 video-top  \" data-lazy=\"1\">\n                    <div class=\"video-wrap-outer\" style=\"max-width:100%\">\n            <div class=\"video-wrap tf_rel tf_overflow tf_local_video\">\n                \n                    \n                    <div style=\"width: 640px;\" class=\"wp-video\"><video class=\"wp-video-shortcode\" id=\"video-1198-1\" width=\"640\" height=\"360\" preload=\"metadata\" controls=\"controls\"><source type=\"video\/mp4\" src=\"https:\/\/www.turismoaidone.it\/video\/aidone_culto.mp4?_=1\" \/><a href=\"https:\/\/www.turismoaidone.it\/video\/aidone_culto.mp4\">https:\/\/www.turismoaidone.it\/video\/aidone_culto.mp4<\/a><\/video><\/div>\n                    \n                                <\/div>\n            <!-- \/video-wrap -->\n        <\/div>\n        <!-- \/video-wrap-outer -->\n            <\/div>\n        <\/div>\n                        <\/div>\n        <\/div>\n                        <div  data-lazy=\"1\" class=\"module_row themify_builder_row tb_gwhw348 tf_w\">\n                        <div class=\"row_inner col_align_middle tb_col_count_2 tf_box tf_rel\">\n                        <div  data-lazy=\"1\" class=\"module_column tb-column col4-2 tb_le52349 first\">\n                    <!-- module text -->\n<div  class=\"module module-text tb_liv0543   \" data-lazy=\"1\">\n        <div  class=\"tb_text_wrap\">\n        <h2 style=\"text-align: center\">Church of Santa Maria La Cava<\/h2>\n    <\/div>\n<\/div>\n<!-- \/module text --><!-- module text -->\n<div  class=\"module module-text tb_4m7k3   \" data-lazy=\"1\">\n        <div  class=\"tb_text_wrap\">\n        <p style=\"text-align: justify\">Seat of the Sanctuary dedicated to St. Philip the Apostle.<br>The history of this church is linked to the history of Sicily itself, as its foundation in 1134 AD by Countess Adelasia, niece of Count Roger of Hauteville, had the church and tower built by Cluniac monks following the Burgundian style.<br>The clerics who followed the Norman knights were employed to build the churches and towers, Arab craftsmen were employed for the stone carving works, while the work of Byzantine masters was used for the mosaics.<br>The apse of the church, the base of the tower with a cross vault and the beautiful entrance door facing south with its pointed arch are in Arab-Norman style.<\/p>    <\/div>\n<\/div>\n<!-- \/module text -->        <\/div>\n                    <div  data-lazy=\"1\" class=\"module_column tb-column col4-2 tb_oq6o350 last\">\n                    <!-- module image -->\n<div  class=\"module module-image tb_fuor64 image-top   tf_mw\" data-lazy=\"1\">\n        <div class=\"image-wrap tf_rel tf_mw\">\n            <img loading=\"lazy\" decoding=\"async\" width=\"900\" height=\"601\" src=\"https:\/\/www.turismoaidone.it\/wp-content\/uploads\/2022\/01\/Chiesa-di-Santa-Maria-La-Cava.jpg\" class=\"wp-post-image wp-image-869\" title=\"Chiesa di Santa Maria La Cava\" alt=\"Chiesa di Santa Maria La Cava\" srcset=\"https:\/\/www.turismoaidone.it\/wp-content\/uploads\/2022\/01\/Chiesa-di-Santa-Maria-La-Cava.jpg 900w, https:\/\/www.turismoaidone.it\/wp-content\/uploads\/2022\/01\/Chiesa-di-Santa-Maria-La-Cava-300x200.jpg 300w, https:\/\/www.turismoaidone.it\/wp-content\/uploads\/2022\/01\/Chiesa-di-Santa-Maria-La-Cava-768x513.jpg 768w\" sizes=\"auto, (max-width: 900px) 100vw, 900px\" \/>    \n        <\/div>\n    <!-- \/image-wrap -->\n    \n        <\/div>\n<!-- \/module image -->        <\/div>\n                        <\/div>\n        <\/div>\n                        <div  data-lazy=\"1\" class=\"module_row themify_builder_row tb_yhjw533 tf_w\">\n                        <div class=\"row_inner col_align_top tb_col_count_1 tf_box tf_rel\">\n                        <div  data-lazy=\"1\" class=\"module_column tb-column col-full tb_ltas534 first\">\n                    <!-- module divider -->\n<div  class=\"module tf_mw module-divider tb_k2za534 solid   \" style=\"border-width: 1px;border-color: #d6d6d6;\" data-lazy=\"1\">\n    <\/div>\n<!-- \/module divider -->\n        <\/div>\n                        <\/div>\n        <\/div>\n                        <div  data-lazy=\"1\" class=\"module_row themify_builder_row tb_5bq1541 tf_w\">\n            <span  class=\"builder_row_cover tf_abs\" data-lazy=\"1\"><\/span>            <div class=\"row_inner col_align_top tb_col_count_1 tf_box tf_rel\">\n                        <div  data-lazy=\"1\" class=\"module_column tb-column col-full tb_o8rs542 first\">\n                    <!-- module text -->\n<div  class=\"module module-text tb_l9gi749   \" data-lazy=\"1\">\n        <div  class=\"tb_text_wrap\">\n        <h2 style=\"text-align: center\">Church and former convent of San Domenico<\/h2>    <\/div>\n<\/div>\n<!-- \/module text -->        <\/div>\n                        <\/div>\n        <\/div>\n                        <div  data-lazy=\"1\" class=\"module_row themify_builder_row tb_pvxf901 tf_w\">\n                        <div class=\"row_inner col_align_middle tb_col_count_2 tf_box tf_rel\">\n                        <div  data-lazy=\"1\" class=\"module_column tb-column col4-2 tb_jelo901 first\">\n                    <!-- module text -->\n<div  class=\"module module-text tb_kod3902   \" data-lazy=\"1\">\n        <div  class=\"tb_text_wrap\">\n        <p style=\"text-align: justify\">Construction began in 1419, designed by the Aidonese architect Vincenzo Di Luca, and is dedicated to Saint Vincent Ferrer, as evidenced by the inscription on the fa\u00e7ade. The church features a white fa\u00e7ade of diamond-pointed ashlar, a rare feature in religious buildings. On either side of the fa\u00e7ade are two tall, slender sandstone cornerstones (sourced from the Montagna district), reflecting the Plateresque style that spread from Catalonia in the second half of the 15th century. The portal is particularly beautiful and meticulously crafted, flanked by two pilasters, again in the Plateresque style. The pilasters culminate in a Corinthian capital embellished with the faces of angels.    <\/p>\n<p style=\"text-align: justify\">The church has a single nave, completed by an apse. When the architects restored the church after the 1693 earthquake, they left the right wall in bare stone and the other with eighteenth-century stucco. In the apse, there are few traces of a fifteenth-century rose window. On either side of the apse are two cornerstones (also in sandstone) topped with a Corinthian capital.<br> The convent, built next to the church, was an intense religious life for four centuries, until the disappearance of the Dominicans from Aidone. It was subsequently used as a boys&#8217; elementary school until it was abandoned and collapsed.    <\/p>    <\/div>\n<\/div>\n<!-- \/module text -->        <\/div>\n                    <div  data-lazy=\"1\" class=\"module_column tb-column col4-2 tb_1uxe902 last\">\n                    <!-- module image -->\n<div  class=\"module module-image tb_x9gg865 image-top   tf_mw\" data-lazy=\"1\">\n        <div class=\"image-wrap tf_rel tf_mw\">\n            <img loading=\"lazy\" decoding=\"async\" width=\"1351\" height=\"1020\" src=\"https:\/\/www.turismoaidone.it\/wp-content\/uploads\/2022\/01\/Chiesa-di-San-Domenico-ex-Convento-Comune-di-Aidone.jpg\" class=\"wp-post-image wp-image-874\" title=\"Chiesa-di-San-Domenico-ex-Convento-Comune-di-Aidone\" alt=\"Chiesa-di-San-Domenico-ex-Convento-Comune-di-Aidone\" srcset=\"https:\/\/www.turismoaidone.it\/wp-content\/uploads\/2022\/01\/Chiesa-di-San-Domenico-ex-Convento-Comune-di-Aidone.jpg 1351w, https:\/\/www.turismoaidone.it\/wp-content\/uploads\/2022\/01\/Chiesa-di-San-Domenico-ex-Convento-Comune-di-Aidone-300x226.jpg 300w, https:\/\/www.turismoaidone.it\/wp-content\/uploads\/2022\/01\/Chiesa-di-San-Domenico-ex-Convento-Comune-di-Aidone-1024x773.jpg 1024w, https:\/\/www.turismoaidone.it\/wp-content\/uploads\/2022\/01\/Chiesa-di-San-Domenico-ex-Convento-Comune-di-Aidone-768x580.jpg 768w\" sizes=\"auto, (max-width: 1351px) 100vw, 1351px\" \/>    \n        <\/div>\n    <!-- \/image-wrap -->\n    \n        <\/div>\n<!-- \/module image -->        <\/div>\n                        <\/div>\n        <\/div>\n                        <div  data-lazy=\"1\" class=\"module_row themify_builder_row tb_odix834 tf_w\">\n                        <div class=\"row_inner col_align_top tb_col_count_1 tf_box tf_rel\">\n                        <div  data-lazy=\"1\" class=\"module_column tb-column col-full tb_7m3k834 first\">\n                    <!-- module divider -->\n<div  class=\"module tf_mw module-divider tb_hrrx834 solid   \" style=\"border-width: 1px;border-color: #d6d6d6;\" data-lazy=\"1\">\n    <\/div>\n<!-- \/module divider -->\n        <\/div>\n                        <\/div>\n        <\/div>\n        <\/div>\n<!--\/themify_builder_content--><p><\/p>","protected":false},"excerpt":{"rendered":"<p>Churches and monuments Aidone The Castle of Gresti or Pietratagliata The Gresti Castle, also known as Pietratagliata Castle, is located in the Aidone area. Its current state is that of a ruin, although its appearance is clearly visible, consisting primarily of a massive solid tower and a series of cave rooms. Its origins are unclear; [&hellip;]<\/p>\n","protected":false},"author":1,"featured_media":0,"parent":0,"menu_order":0,"comment_status":"closed","ping_status":"closed","template":"","meta":{"footnotes":""},"class_list":["post-1198","page","type-page","status-publish","hentry","has-post-title","has-post-date","has-post-category","has-post-tag","has-post-comment","has-post-author",""],"builder_content":"<h1>Churches and monuments<br\/>Aidone<\/h1>\n<h2 style=\"text-align: center\">The Castle of Gresti or Pietratagliata<\/h2>\n<p style=\"text-align: justify\">The Gresti Castle, also known as Pietratagliata Castle, is located in the Aidone area. Its current state is that of a ruin, although its appearance is clearly visible, consisting primarily of a massive solid tower and a series of cave rooms. Its origins are unclear; the first documented historical records date back to the 14th century. The castle ruins are still privately owned. <\/p>\n\n<h2 style=\"text-align: center\">The Castle (U Castdazz)<\/h2>\n<p style=\"text-align: justify\">Based on archaeological finds, such as some Litre and Dilitron of King Hiero II in the Castle area, it is possible that some structures were erected and used as watchtowers for the nearby city as early as the time of Morgantina. Traces of a road leading from the city to the vicinity of the Arab-Norman castle have been found. <\/p>\n<img src=\"https:\/\/www.turismoaidone.it\/wp-content\/uploads\/2022\/01\/castellaccio-aidone.jpg\" title=\"castellaccio aidone\" alt=\"castellaccio aidone\" srcset=\"https:\/\/www.turismoaidone.it\/wp-content\/uploads\/2022\/01\/castellaccio-aidone.jpg 896w, https:\/\/www.turismoaidone.it\/wp-content\/uploads\/2022\/01\/castellaccio-aidone-300x267.jpg 300w, https:\/\/www.turismoaidone.it\/wp-content\/uploads\/2022\/01\/castellaccio-aidone-768x683.jpg 768w\" sizes=\"(max-width: 896px) 100vw, 896px\" \/>\n\n<h2 style=\"text-align: center\">The Cult<\/h2>\n[embed]https:\/\/www.turismoaidone.it\/video\/aidone_culto.mp4[\/embed]\n<h2 style=\"text-align: center\">Church of Santa Maria La Cava<\/h2>\n<p style=\"text-align: justify\">Seat of the Sanctuary dedicated to St. Philip the Apostle.<br>The history of this church is linked to the history of Sicily itself, as its foundation in 1134 AD by Countess Adelasia, niece of Count Roger of Hauteville, had the church and tower built by Cluniac monks following the Burgundian style.<br>The clerics who followed the Norman knights were employed to build the churches and towers, Arab craftsmen were employed for the stone carving works, while the work of Byzantine masters was used for the mosaics.<br>The apse of the church, the base of the tower with a cross vault and the beautiful entrance door facing south with its pointed arch are in Arab-Norman style.<\/p>\n<img src=\"https:\/\/www.turismoaidone.it\/wp-content\/uploads\/2022\/01\/Chiesa-di-Santa-Maria-La-Cava.jpg\" title=\"Chiesa di Santa Maria La Cava\" alt=\"Chiesa di Santa Maria La Cava\" srcset=\"https:\/\/www.turismoaidone.it\/wp-content\/uploads\/2022\/01\/Chiesa-di-Santa-Maria-La-Cava.jpg 900w, https:\/\/www.turismoaidone.it\/wp-content\/uploads\/2022\/01\/Chiesa-di-Santa-Maria-La-Cava-300x200.jpg 300w, https:\/\/www.turismoaidone.it\/wp-content\/uploads\/2022\/01\/Chiesa-di-Santa-Maria-La-Cava-768x513.jpg 768w\" sizes=\"(max-width: 900px) 100vw, 900px\" \/>\n\n<h2 style=\"text-align: center\">Church and former convent of San Domenico<\/h2>\n<p style=\"text-align: justify\">Construction began in 1419, designed by the Aidonese architect Vincenzo Di Luca, and is dedicated to Saint Vincent Ferrer, as evidenced by the inscription on the fa\u00e7ade. The church features a white fa\u00e7ade of diamond-pointed ashlar, a rare feature in religious buildings. On either side of the fa\u00e7ade are two tall, slender sandstone cornerstones (sourced from the Montagna district), reflecting the Plateresque style that spread from Catalonia in the second half of the 15th century. The portal is particularly beautiful and meticulously crafted, flanked by two pilasters, again in the Plateresque style. The pilasters culminate in a Corinthian capital embellished with the faces of angels. <\/p> <p style=\"text-align: justify\">The church has a single nave, completed by an apse. When the architects restored the church after the 1693 earthquake, they left the right wall in bare stone and the other with eighteenth-century stucco. In the apse, there are few traces of a fifteenth-century rose window. On either side of the apse are two cornerstones (also in sandstone) topped with a Corinthian capital.<br> The convent, built next to the church, was an intense religious life for four centuries, until the disappearance of the Dominicans from Aidone. It was subsequently used as a boys' elementary school until it was abandoned and collapsed. <\/p>\n<img src=\"https:\/\/www.turismoaidone.it\/wp-content\/uploads\/2022\/01\/Chiesa-di-San-Domenico-ex-Convento-Comune-di-Aidone.jpg\" title=\"Chiesa-di-San-Domenico-ex-Convento-Comune-di-Aidone\" alt=\"Chiesa-di-San-Domenico-ex-Convento-Comune-di-Aidone\" srcset=\"https:\/\/www.turismoaidone.it\/wp-content\/uploads\/2022\/01\/Chiesa-di-San-Domenico-ex-Convento-Comune-di-Aidone.jpg 1351w, https:\/\/www.turismoaidone.it\/wp-content\/uploads\/2022\/01\/Chiesa-di-San-Domenico-ex-Convento-Comune-di-Aidone-300x226.jpg 300w, https:\/\/www.turismoaidone.it\/wp-content\/uploads\/2022\/01\/Chiesa-di-San-Domenico-ex-Convento-Comune-di-Aidone-1024x773.jpg 1024w, https:\/\/www.turismoaidone.it\/wp-content\/uploads\/2022\/01\/Chiesa-di-San-Domenico-ex-Convento-Comune-di-Aidone-768x580.jpg 768w\" sizes=\"(max-width: 1351px) 100vw, 1351px\" \/>\n","_links":{"self":[{"href":"https:\/\/www.turismoaidone.it\/en\/wp-json\/wp\/v2\/pages\/1198","targetHints":{"allow":["GET"]}}],"collection":[{"href":"https:\/\/www.turismoaidone.it\/en\/wp-json\/wp\/v2\/pages"}],"about":[{"href":"https:\/\/www.turismoaidone.it\/en\/wp-json\/wp\/v2\/types\/page"}],"author":[{"embeddable":true,"href":"https:\/\/www.turismoaidone.it\/en\/wp-json\/wp\/v2\/users\/1"}],"replies":[{"embeddable":true,"href":"https:\/\/www.turismoaidone.it\/en\/wp-json\/wp\/v2\/comments?post=1198"}],"version-history":[{"count":2,"href":"https:\/\/www.turismoaidone.it\/en\/wp-json\/wp\/v2\/pages\/1198\/revisions"}],"predecessor-version":[{"id":1309,"href":"https:\/\/www.turismoaidone.it\/en\/wp-json\/wp\/v2\/pages\/1198\/revisions\/1309"}],"wp:attachment":[{"href":"https:\/\/www.turismoaidone.it\/en\/wp-json\/wp\/v2\/media?parent=1198"}],"curies":[{"name":"wp","href":"https:\/\/api.w.org\/{rel}","templated":true}]}}